{"id":71,"date":"2023-05-26T18:47:12","date_gmt":"2023-05-26T18:47:12","guid":{"rendered":"https:\/\/bierchaeller.ch\/?page_id=71"},"modified":"2025-12-02T21:25:32","modified_gmt":"2025-12-02T19:25:32","slug":"aktuell","status":"publish","type":"page","link":"https:\/\/bierchaeller.ch\/","title":{"rendered":"Aktuell"},"content":{"rendered":"\n<h3 class=\"wp-block-heading has-dark-gray-color has-text-color has-link-color wp-elements-5116f5031d657a6fa871bcd6d1b3cfb5\">Events\/News 2026<\/h3>\n\n\n\n<blockquote class=\"wp-block-quote is-layout-flow wp-block-quote-is-layout-flow\">\n<p class=\"has-dark-gray-color has-text-color has-link-color has-large-font-size wp-elements-5eb65b54b8171aa4fe290c827f2ac190\">Generalversammlung<\/p>\n\n\n\n<p class=\"has-medium-gray-color has-text-color has-link-color has-medium-font-size wp-elements-13b05b82b63cb5a725f8725a93703178\">&#8211; 19. M\u00e4rz 2026 um 19:30 beim Zeughaus Gelterkinden<\/p>\n<\/blockquote>\n\n\n\n<blockquote class=\"wp-block-quote is-layout-flow wp-block-quote-is-layout-flow\">\n<p class=\"has-dark-gray-color has-text-color has-link-color has-large-font-size wp-elements-5e1af66116243be36ec824406af749c6\">Sommer Ap\u00e9ro<\/p>\n\n\n\n<p class=\"has-medium-gray-color has-text-color has-link-color has-medium-font-size wp-elements-6f28a6a237aa1ff996e48ca430845cf2\">&#8211; 19. Juni 2026 um 18:00 beim Bierch\u00e4ller-Museum<\/p>\n<\/blockquote>\n\n\n\n<blockquote class=\"wp-block-quote is-layout-flow wp-block-quote-is-layout-flow\">\n<p class=\"has-dark-gray-color has-text-color has-link-color has-large-font-size wp-elements-e77a3000e73c74f2b35f4f5a8bff6377\">Herbstausflug<\/p>\n\n\n\n<p class=\"has-medium-gray-color has-text-color has-link-color has-medium-font-size wp-elements-45ed470d6de511b3694c215da6f632f7\">&#8211; 11. September 2026 -> weitere Infos folgen<\/p>\n<\/blockquote>\n\n\n\n<h3 class=\"wp-block-heading has-dark-gray-color has-text-color has-link-color wp-elements-257f1962106d95c394f72d0d6f508569\">Events\/News 2025<\/h3>\n\n\n\n<blockquote class=\"wp-block-quote is-layout-flow wp-block-quote-is-layout-flow\">\n<p class=\"has-dark-gray-color has-text-color has-link-color has-large-font-size wp-elements-5eb65b54b8171aa4fe290c827f2ac190\">Generalversammlung<\/p>\n\n\n\n<p class=\"has-medium-gray-color has-text-color has-link-color has-medium-font-size wp-elements-676654e1e1bf8caed5febf0181ff97e2\">&#8211; 19. M\u00e4rz 2025 um 19:30 beim Zeughaus Gelterkinden<\/p>\n<\/blockquote>\n\n\n\n<blockquote class=\"wp-block-quote is-layout-flow wp-block-quote-is-layout-flow\">\n<p class=\"has-dark-gray-color has-text-color has-link-color has-large-font-size wp-elements-5e1af66116243be36ec824406af749c6\">Sommer Ap\u00e9ro<\/p>\n\n\n\n<p class=\"has-medium-gray-color has-text-color has-link-color has-medium-font-size wp-elements-b67e185c96eb99b06fb7e5ca644985df\">&#8211; 20. Juni 2025 um 17:30 beim Bierch\u00e4ller-Museum<\/p>\n<\/blockquote>\n\n\n\n<blockquote class=\"wp-block-quote is-layout-flow wp-block-quote-is-layout-flow\">\n<p class=\"has-dark-gray-color has-text-color has-link-color has-large-font-size wp-elements-e77a3000e73c74f2b35f4f5a8bff6377\">Herbstausflug<\/p>\n\n\n\n<p class=\"has-medium-gray-color has-text-color has-link-color has-medium-font-size wp-elements-7205854cd87d9e735c43e208282ead61\">&#8211; 26. September 2025 -&gt; Ausflug zur Brauerei <a href=\"https:\/\/www.wabraeu.ch\/\" data-type=\"link\" data-id=\"https:\/\/www.wabraeu.ch\/\">Wabr\u00e4u<\/a><br>Treffpunkt: 15:30 Bahnhof Gelterkinden<\/p>\n<\/blockquote>\n\n\n\n<h3 class=\"wp-block-heading\">Events\/News 2024<\/h3>\n\n\n\n<blockquote class=\"wp-block-quote has-medium-gray-color has-text-color has-link-color has-medium-font-size wp-elements-e915c259ab22d9a1bee170cc95a11b86 is-layout-flow wp-block-quote-is-layout-flow\">\n<p class=\"has-dark-gray-color has-text-color has-link-color has-large-font-size wp-elements-5eb65b54b8171aa4fe290c827f2ac190\">Generalversammlung<\/p>\n<cite>21. M\u00e4rz 2024 um 19:30 beim Zeughaus Gelterkinden<\/cite><\/blockquote>\n\n\n\n<blockquote class=\"wp-block-quote has-medium-gray-color has-text-color has-link-color has-medium-font-size wp-elements-45ebfe8dbab716a8eb15105108f75ed8 is-layout-flow wp-block-quote-is-layout-flow\">\n<p class=\"has-dark-gray-color has-text-color has-link-color has-large-font-size wp-elements-5e1af66116243be36ec824406af749c6\">Sommer Ap\u00e9ro<\/p>\n<cite>14. Juni 2024 um 17:30 beim Bierch\u00e4ller-Museum <\/cite><\/blockquote>\n\n\n\n<blockquote class=\"wp-block-quote has-medium-font-size is-layout-flow wp-block-quote-is-layout-flow\">\n<p class=\"has-dark-gray-color has-text-color has-link-color has-large-font-size wp-elements-e77a3000e73c74f2b35f4f5a8bff6377\">Herbstausflug<\/p>\n<cite>13. September 2024 um 14:30 beim Dorfplatz \/ Besuch Brauerei Lasser in L\u00f6rrach -&gt; <a href=\"https:\/\/lasser.de\/wp-content\/uploads\/Besucherregeln_0519.pdf#:~:text=Jede%20Abweichung%20oder%20gar%20eigenm%C3%A4chtiges,k%C3%B6rperliche%20Belastbarkeit%20und%20Beweglichkeit%20voraus.&amp;text=Das%20Betreten%20des%20Produktionsbereiches%20ist%20nur%20mit%20sauberer%20Kleidung%20gestattet.\" data-type=\"link\" data-id=\"https:\/\/lasser.de\/wp-content\/uploads\/Besucherregeln_0519.pdf#:~:text=Jede%20Abweichung%20oder%20gar%20eigenm%C3%A4chtiges,k%C3%B6rperliche%20Belastbarkeit%20und%20Beweglichkeit%20voraus.&amp;text=Das%20Betreten%20des%20Produktionsbereiches%20ist%20nur%20mit%20sauberer%20Kleidung%20gestattet.\">Besucherregeln<\/a><\/cite><\/blockquote>\n\n\n\n<h3 class=\"wp-block-heading\">Events\/News 2023<\/h3>\n\n\n\n<blockquote class=\"wp-block-quote is-layout-flow wp-block-quote-is-layout-flow\">\n<p class=\"has-dark-gray-color has-text-color has-link-color has-large-font-size wp-elements-5eb65b54b8171aa4fe290c827f2ac190\">Generalversammlung<\/p>\n<cite>23. M\u00e4rz 2023 um 19:30 beim Zeughaus Gelterkinden<\/cite><\/blockquote>\n\n\n\n<blockquote class=\"wp-block-quote is-layout-flow wp-block-quote-is-layout-flow\">\n<p class=\"has-dark-gray-color has-text-color has-large-font-size\">Sommer Ap\u00e9ro<\/p>\n<cite>16. Juni 2023 um 17:30 beim Bierch\u00e4ller-Museum \/ Degustation durch Biersommeliere Angi Wirz <\/cite><\/blockquote>\n\n\n\n<blockquote class=\"wp-block-quote is-layout-flow wp-block-quote-is-layout-flow\">\n<p class=\"has-dark-gray-color has-text-color has-large-font-size\">Herbstausflug<\/p>\n<cite>22. September 2023 um 16:00 bei der Ruine Farnsburg \/ Besichtigung Ruine Farnsburg und Bunker<\/cite><\/blockquote>\n\n\n\n<h3 class=\"wp-block-heading\">Events\/News 2020<\/h3>\n\n\n\n<h4 class=\"wp-block-heading\"><a href=\"https:\/\/bierchaeller.ch\/?page_id=31\" data-type=\"page\" data-id=\"31\">&#8222;Eis, Bier und Geschichte&#8220;<\/a><\/h4>\n\n\n\n<p>So heisst das neue B\u00fcchlein \u00fcber den Bierch\u00e4ller, die ehemalige Brauerei Farnsburg sowie die Geschichte von Gelterkinden und Umgebung im 19. Jahrhundert. Herausgeber: Verein Bierch\u00e4ller, 100 Seiten Text, Fotos und Zeichnungen zum Preis von Fr. 28.-<br><br>Zu kaufen am Gw\u00e4rbsunntig vom 6. Dezember 2020 in Gelterkinden am Stand des Vereins Bierch\u00e4ller oder per Email unter info@baaderlex.ch.<br><sub>24.11.2020<\/sub><\/p>\n\n\n\n<h4 class=\"wp-block-heading\">Tag der offenen T\u00fcr<\/h4>\n\n\n\n<p>Am Samstag, 19.September 2020 findet der Tag der offenen T\u00fcre statt. Ab 9 Uhr bis 12 Uhr kann der Bierch\u00e4ller und das Museum besucht werden. Treffpunkt und Abfahrt des Shuttelbuses ist das alte Zeughaus an der R\u00fcnenbergerstrasse. Bitte f\u00fcr die Fahrt im Shuttelbus einen Mundschutz mitnehmen. <br><sub>10.09.2020<\/sub><\/p>\n\n\n\n<h4 class=\"wp-block-heading\">Mitgliederversammlung 2020 verschoben<\/h4>\n\n\n\n<p>Aufgrund der aktuellen Entwickung rund um die Ausbreitung des neuartigen Coronavirus hat der Vorstand des Vereins Bierch\u00e4ller entschieden, die Mitgliederversammlung vom Freitag den 13. M\u00e4rz nicht durchzuf\u00fchren. Sobald der Ausweichtermin bekannt ist, erhalten alle Mitglieder eine neue Einladung.<br>Aufgrund der aktuellen Entwickung rund um die Ausbreitung des neuartigen Coronavirus hat der Vorstand des Vereins Bierch\u00e4ller entschieden, die Mitgliederversammlung vom Freitag den 13. M\u00e4rz nicht durchzuf\u00fchren. Sobald der Ausweichtermin bekannt ist, erhalten alle Mitglieder eine neue Einladung. <br><sub>10.03.2020<\/sub> <\/p>\n\n\n\n<h3 class=\"wp-block-heading\">Events\/News 2019<\/h3>\n\n\n\n<h4 class=\"wp-block-heading\">Tag der offenen T\u00fcr<\/h4>\n\n\n\n<p>Am kommenden Samstag, den 18. Mai findet zwischen 9 und 12 Uhr der Tag der offenen T\u00fcr im Bierch\u00e4ller und Museum statt. Es gibt verschiedene Attraktionen und neue Ausstellungsst\u00fccke &#8211; es lohnt sich also. Es f\u00e4hrt ein Shuttelbus ab dem Zeughausareal in Gelterkinden. <br><sub>24.05.2019<\/sub><\/p>\n\n\n\n<h4 class=\"wp-block-heading\">Banntag 2019<\/h4>\n\n\n\n<p>Wir werden am Banntag wieder unser Banntagsbeizli f\u00fchren. Nach dem Banntag gehts los auf der Allmendwiese. <br><sub>15.05.2019<\/sub><\/p>\n","protected":false},"excerpt":{"rendered":"<p>Events\/News 2026 Generalversammlung &#8211; 19. M\u00e4rz 2026 um 19:30 beim Zeughaus Gelterkinden Sommer Ap\u00e9ro &#8211; 19. Juni 2026 um 18:00 beim Bierch\u00e4ller-Museum Herbstausflug &#8211; 11. September 2026 -> weitere Infos folgen Events\/News 2025 Generalversammlung &#8211; 19. M\u00e4rz 2025 um 19:30 beim Zeughaus Gelterkinden Sommer Ap\u00e9ro &#8211; 20. Juni 2025 um 17:30 beim Bierch\u00e4ller-Museum Herbstausflug &#8211; &hellip; <a href=\"https:\/\/bierchaeller.ch\/\" class=\"more-link\"><span class=\"screen-reader-text\">\u201eAktuell\u201c <\/span>weiterlesen<\/a><\/p>\n","protected":false},"author":1,"featured_media":0,"parent":0,"menu_order":0,"comment_status":"closed","ping_status":"closed","template":"","meta":{"footnotes":""},"class_list":["post-71","page","type-page","status-publish","hentry"],"_links":{"self":[{"href":"https:\/\/bierchaeller.ch\/index.php?rest_route=\/wp\/v2\/pages\/71","targetHints":{"allow":["GET"]}}],"collection":[{"href":"https:\/\/bierchaeller.ch\/index.php?rest_route=\/wp\/v2\/pages"}],"about":[{"href":"https:\/\/bierchaeller.ch\/index.php?rest_route=\/wp\/v2\/types\/page"}],"author":[{"embeddable":true,"href":"https:\/\/bierchaeller.ch\/index.php?rest_route=\/wp\/v2\/users\/1"}],"replies":[{"embeddable":true,"href":"https:\/\/bierchaeller.ch\/index.php?rest_route=%2Fwp%2Fv2%2Fcomments&post=71"}],"version-history":[{"count":28,"href":"https:\/\/bierchaeller.ch\/index.php?rest_route=\/wp\/v2\/pages\/71\/revisions"}],"predecessor-version":[{"id":336,"href":"https:\/\/bierchaeller.ch\/index.php?rest_route=\/wp\/v2\/pages\/71\/revisions\/336"}],"wp:attachment":[{"href":"https:\/\/bierchaeller.ch\/index.php?rest_route=%2Fwp%2Fv2%2Fmedia&parent=71"}],"curies":[{"name":"wp","href":"https:\/\/api.w.org\/{rel}","templated":true}]}}